{"id":2626,"date":"2018-10-08T17:44:31","date_gmt":"2018-10-08T15:44:31","guid":{"rendered":"https:\/\/qualiment.fr\/nouvelles-sources-de-proteines\/"},"modified":"2023-01-19T10:25:44","modified_gmt":"2023-01-19T09:25:44","slug":"new-sources-of-proteins","status":"publish","type":"page","link":"https:\/\/qualiment.fr\/en\/new-sources-of-proteins\/","title":{"rendered":"New sources of proteins"},"content":{"rendered":"","protected":false},"excerpt":{"rendered":"","protected":false},"author":1,"featured_media":0,"parent":0,"menu_order":1,"comment_status":"closed","ping_status":"closed","template":"","meta":[],"acf":[],"yoast_head":"<!-- This site is optimized with the Yoast SEO plugin v21.1 - https:\/\/yoast.com\/wordpress\/plugins\/seo\/ -->\n<title>New sources of proteins &bull; Carnot Qualiment<\/title>\n<meta name=\"description\" content=\"Les chercheurs de Qualiment\u00ae explorent de nouvelles sources de prot\u00e9ines, et travaillent autour de leurs fonctionnalit\u00e9s et de leur acceptabilit\u00e9.\" \/>\n<meta name=\"robots\" content=\"index, follow, max-snippet:-1, max-image-preview:large, max-video-preview:-1\" \/>\n<link rel=\"canonical\" href=\"https:\/\/qualiment.fr\/en\/new-sources-of-proteins\/\" \/>\n<meta property=\"og:locale\" content=\"en_US\" \/>\n<meta property=\"og:type\" content=\"article\" \/>\n<meta property=\"og:title\" content=\"New sources of proteins &bull; Carnot Qualiment\" \/>\n<meta property=\"og:description\" content=\"Les chercheurs de Qualiment\u00ae explorent de nouvelles sources de prot\u00e9ines, et travaillent autour de leurs fonctionnalit\u00e9s et de leur acceptabilit\u00e9.\" \/>\n<meta property=\"og:url\" content=\"https:\/\/qualiment.fr\/en\/new-sources-of-proteins\/\" \/>\n<meta property=\"og:site_name\" content=\"Carnot Qualiment\" \/>\n<meta property=\"article:modified_time\" content=\"2023-01-19T09:25:44+00:00\" \/>\n<meta name=\"twitter:card\" content=\"summary_large_image\" \/>\n<script type=\"application\/ld+json\" class=\"yoast-schema-graph\">{\"@context\":\"https:\/\/schema.org\",\"@graph\":[{\"@type\":\"WebPage\",\"@id\":\"https:\/\/qualiment.fr\/en\/new-sources-of-proteins\/\",\"url\":\"https:\/\/qualiment.fr\/en\/new-sources-of-proteins\/\",\"name\":\"New sources of proteins &bull; Carnot Qualiment\",\"isPartOf\":{\"@id\":\"https:\/\/qualiment.fr\/#website\"},\"datePublished\":\"2018-10-08T15:44:31+00:00\",\"dateModified\":\"2023-01-19T09:25:44+00:00\",\"description\":\"Les chercheurs de Qualiment\u00ae explorent de nouvelles sources de prot\u00e9ines, et travaillent autour de leurs fonctionnalit\u00e9s et de leur acceptabilit\u00e9.\",\"breadcrumb\":{\"@id\":\"https:\/\/qualiment.fr\/en\/new-sources-of-proteins\/#breadcrumb\"},\"inLanguage\":\"en-US\",\"potentialAction\":[{\"@type\":\"ReadAction\",\"target\":[\"https:\/\/qualiment.fr\/en\/new-sources-of-proteins\/\"]}]},{\"@type\":\"BreadcrumbList\",\"@id\":\"https:\/\/qualiment.fr\/en\/new-sources-of-proteins\/#breadcrumb\",\"itemListElement\":[{\"@type\":\"ListItem\",\"position\":1,\"name\":\"Accueil\",\"item\":\"https:\/\/qualiment.fr\/en\/\"},{\"@type\":\"ListItem\",\"position\":2,\"name\":\"New sources of proteins\"}]},{\"@type\":\"WebSite\",\"@id\":\"https:\/\/qualiment.fr\/#website\",\"url\":\"https:\/\/qualiment.fr\/\",\"name\":\"Carnot Qualiment\",\"description\":\"Votre partenaire de recherche pour l\u2019innovation en alimentation\",\"publisher\":{\"@id\":\"https:\/\/qualiment.fr\/#organization\"},\"potentialAction\":[{\"@type\":\"SearchAction\",\"target\":{\"@type\":\"EntryPoint\",\"urlTemplate\":\"https:\/\/qualiment.fr\/?s={search_term_string}\"},\"query-input\":\"required name=search_term_string\"}],\"inLanguage\":\"en-US\"},{\"@type\":\"Organization\",\"@id\":\"https:\/\/qualiment.fr\/#organization\",\"name\":\"Carnot Qualiment\",\"url\":\"https:\/\/qualiment.fr\/\",\"logo\":{\"@type\":\"ImageObject\",\"inLanguage\":\"en-US\",\"@id\":\"https:\/\/qualiment.fr\/#\/schema\/logo\/image\/\",\"url\":\"https:\/\/qualiment.fr\/wp-content\/uploads\/2020\/05\/LOGO_QUALIMENT-SIGN_CARNOT_QUADRI_2020.jpg\",\"contentUrl\":\"https:\/\/qualiment.fr\/wp-content\/uploads\/2020\/05\/LOGO_QUALIMENT-SIGN_CARNOT_QUADRI_2020.jpg\",\"width\":1578,\"height\":464,\"caption\":\"Carnot Qualiment\"},\"image\":{\"@id\":\"https:\/\/qualiment.fr\/#\/schema\/logo\/image\/\"},\"sameAs\":[\"https:\/\/www.linkedin.com\/company\/11257737\/admin\/\",\"https:\/\/www.youtube.com\/channel\/UCH08Hz98kHtFt4EyzB1yF_g\"]}]}<\/script>\n<!-- \/ Yoast SEO plugin. -->","yoast_head_json":{"title":"New sources of proteins &bull; Carnot Qualiment","description":"Les chercheurs de Qualiment\u00ae explorent de nouvelles sources de prot\u00e9ines, et travaillent autour de leurs fonctionnalit\u00e9s et de leur acceptabilit\u00e9.","robots":{"index":"index","follow":"follow","max-snippet":"max-snippet:-1","max-image-preview":"max-image-preview:large","max-video-preview":"max-video-preview:-1"},"canonical":"https:\/\/qualiment.fr\/en\/new-sources-of-proteins\/","og_locale":"en_US","og_type":"article","og_title":"New sources of proteins &bull; Carnot Qualiment","og_description":"Les chercheurs de Qualiment\u00ae explorent de nouvelles sources de prot\u00e9ines, et travaillent autour de leurs fonctionnalit\u00e9s et de leur acceptabilit\u00e9.","og_url":"https:\/\/qualiment.fr\/en\/new-sources-of-proteins\/","og_site_name":"Carnot Qualiment","article_modified_time":"2023-01-19T09:25:44+00:00","twitter_card":"summary_large_image","schema":{"@context":"https:\/\/schema.org","@graph":[{"@type":"WebPage","@id":"https:\/\/qualiment.fr\/en\/new-sources-of-proteins\/","url":"https:\/\/qualiment.fr\/en\/new-sources-of-proteins\/","name":"New sources of proteins &bull; Carnot Qualiment","isPartOf":{"@id":"https:\/\/qualiment.fr\/#website"},"datePublished":"2018-10-08T15:44:31+00:00","dateModified":"2023-01-19T09:25:44+00:00","description":"Les chercheurs de Qualiment\u00ae explorent de nouvelles sources de prot\u00e9ines, et travaillent autour de leurs fonctionnalit\u00e9s et de leur acceptabilit\u00e9.","breadcrumb":{"@id":"https:\/\/qualiment.fr\/en\/new-sources-of-proteins\/#breadcrumb"},"inLanguage":"en-US","potentialAction":[{"@type":"ReadAction","target":["https:\/\/qualiment.fr\/en\/new-sources-of-proteins\/"]}]},{"@type":"BreadcrumbList","@id":"https:\/\/qualiment.fr\/en\/new-sources-of-proteins\/#breadcrumb","itemListElement":[{"@type":"ListItem","position":1,"name":"Accueil","item":"https:\/\/qualiment.fr\/en\/"},{"@type":"ListItem","position":2,"name":"New sources of proteins"}]},{"@type":"WebSite","@id":"https:\/\/qualiment.fr\/#website","url":"https:\/\/qualiment.fr\/","name":"Carnot Qualiment","description":"Votre partenaire de recherche pour l\u2019innovation en alimentation","publisher":{"@id":"https:\/\/qualiment.fr\/#organization"},"potentialAction":[{"@type":"SearchAction","target":{"@type":"EntryPoint","urlTemplate":"https:\/\/qualiment.fr\/?s={search_term_string}"},"query-input":"required name=search_term_string"}],"inLanguage":"en-US"},{"@type":"Organization","@id":"https:\/\/qualiment.fr\/#organization","name":"Carnot Qualiment","url":"https:\/\/qualiment.fr\/","logo":{"@type":"ImageObject","inLanguage":"en-US","@id":"https:\/\/qualiment.fr\/#\/schema\/logo\/image\/","url":"https:\/\/qualiment.fr\/wp-content\/uploads\/2020\/05\/LOGO_QUALIMENT-SIGN_CARNOT_QUADRI_2020.jpg","contentUrl":"https:\/\/qualiment.fr\/wp-content\/uploads\/2020\/05\/LOGO_QUALIMENT-SIGN_CARNOT_QUADRI_2020.jpg","width":1578,"height":464,"caption":"Carnot Qualiment"},"image":{"@id":"https:\/\/qualiment.fr\/#\/schema\/logo\/image\/"},"sameAs":["https:\/\/www.linkedin.com\/company\/11257737\/admin\/","https:\/\/www.youtube.com\/channel\/UCH08Hz98kHtFt4EyzB1yF_g"]}]}},"_links":{"self":[{"href":"https:\/\/qualiment.fr\/en\/wp-json\/wp\/v2\/pages\/2626"}],"collection":[{"href":"https:\/\/qualiment.fr\/en\/wp-json\/wp\/v2\/pages"}],"about":[{"href":"https:\/\/qualiment.fr\/en\/wp-json\/wp\/v2\/types\/page"}],"author":[{"embeddable":true,"href":"https:\/\/qualiment.fr\/en\/wp-json\/wp\/v2\/users\/1"}],"replies":[{"embeddable":true,"href":"https:\/\/qualiment.fr\/en\/wp-json\/wp\/v2\/comments?post=2626"}],"version-history":[{"count":4,"href":"https:\/\/qualiment.fr\/en\/wp-json\/wp\/v2\/pages\/2626\/revisions"}],"predecessor-version":[{"id":2802,"href":"https:\/\/qualiment.fr\/en\/wp-json\/wp\/v2\/pages\/2626\/revisions\/2802"}],"wp:attachment":[{"href":"https:\/\/qualiment.fr\/en\/wp-json\/wp\/v2\/media?parent=2626"}],"curies":[{"name":"wp","href":"https:\/\/api.w.org\/{rel}","templated":true}]}}