{"id":2638,"date":"2019-10-25T19:49:36","date_gmt":"2019-10-25T17:49:36","guid":{"rendered":"https:\/\/qualiment.fr\/consommateur-et-plaisir\/"},"modified":"2023-01-03T20:40:10","modified_gmt":"2023-01-03T19:40:10","slug":"consumer-and-pleasure","status":"publish","type":"page","link":"https:\/\/qualiment.fr\/en\/consumer-and-pleasure\/","title":{"rendered":"Consumer and pleasure"},"content":{"rendered":"","protected":false},"excerpt":{"rendered":"","protected":false},"author":1,"featured_media":0,"parent":0,"menu_order":3,"comment_status":"closed","ping_status":"closed","template":"","meta":[],"acf":[],"yoast_head":"<!-- This site is optimized with the Yoast SEO plugin v21.1 - https:\/\/yoast.com\/wordpress\/plugins\/seo\/ -->\n<title>Consumer and pleasure &bull; Carnot Qualiment<\/title>\n<meta name=\"description\" content=\"Qualiment\u00ae aide les entreprises \u00e0 lier plaisir et consommation au travers d&#039;analyses sensorielles, d&#039;\u00e9tudes du r\u00f4le de l\u2019environnement de consommation, etc.\" \/>\n<meta name=\"robots\" content=\"index, follow, max-snippet:-1, max-image-preview:large, max-video-preview:-1\" \/>\n<link rel=\"canonical\" href=\"https:\/\/qualiment.fr\/en\/consumer-and-pleasure\/\" \/>\n<meta property=\"og:locale\" content=\"en_US\" \/>\n<meta property=\"og:type\" content=\"article\" \/>\n<meta property=\"og:title\" content=\"Consumer and pleasure &bull; Carnot Qualiment\" \/>\n<meta property=\"og:description\" content=\"Qualiment\u00ae aide les entreprises \u00e0 lier plaisir et consommation au travers d&#039;analyses sensorielles, d&#039;\u00e9tudes du r\u00f4le de l\u2019environnement de consommation, etc.\" \/>\n<meta property=\"og:url\" content=\"https:\/\/qualiment.fr\/en\/consumer-and-pleasure\/\" \/>\n<meta property=\"og:site_name\" content=\"Carnot Qualiment\" \/>\n<meta property=\"article:modified_time\" content=\"2023-01-03T19:40:10+00:00\" \/>\n<meta name=\"twitter:card\" content=\"summary_large_image\" \/>\n<script type=\"application\/ld+json\" class=\"yoast-schema-graph\">{\"@context\":\"https:\/\/schema.org\",\"@graph\":[{\"@type\":\"WebPage\",\"@id\":\"https:\/\/qualiment.fr\/en\/consumer-and-pleasure\/\",\"url\":\"https:\/\/qualiment.fr\/en\/consumer-and-pleasure\/\",\"name\":\"Consumer and pleasure &bull; Carnot Qualiment\",\"isPartOf\":{\"@id\":\"https:\/\/qualiment.fr\/#website\"},\"datePublished\":\"2019-10-25T17:49:36+00:00\",\"dateModified\":\"2023-01-03T19:40:10+00:00\",\"description\":\"Qualiment\u00ae aide les entreprises \u00e0 lier plaisir et consommation au travers d'analyses sensorielles, d'\u00e9tudes du r\u00f4le de l\u2019environnement de consommation, etc.\",\"breadcrumb\":{\"@id\":\"https:\/\/qualiment.fr\/en\/consumer-and-pleasure\/#breadcrumb\"},\"inLanguage\":\"en-US\",\"potentialAction\":[{\"@type\":\"ReadAction\",\"target\":[\"https:\/\/qualiment.fr\/en\/consumer-and-pleasure\/\"]}]},{\"@type\":\"BreadcrumbList\",\"@id\":\"https:\/\/qualiment.fr\/en\/consumer-and-pleasure\/#breadcrumb\",\"itemListElement\":[{\"@type\":\"ListItem\",\"position\":1,\"name\":\"Accueil\",\"item\":\"https:\/\/qualiment.fr\/en\/\"},{\"@type\":\"ListItem\",\"position\":2,\"name\":\"Consumer and pleasure\"}]},{\"@type\":\"WebSite\",\"@id\":\"https:\/\/qualiment.fr\/#website\",\"url\":\"https:\/\/qualiment.fr\/\",\"name\":\"Carnot Qualiment\",\"description\":\"Votre partenaire de recherche pour l\u2019innovation en alimentation\",\"publisher\":{\"@id\":\"https:\/\/qualiment.fr\/#organization\"},\"potentialAction\":[{\"@type\":\"SearchAction\",\"target\":{\"@type\":\"EntryPoint\",\"urlTemplate\":\"https:\/\/qualiment.fr\/?s={search_term_string}\"},\"query-input\":\"required name=search_term_string\"}],\"inLanguage\":\"en-US\"},{\"@type\":\"Organization\",\"@id\":\"https:\/\/qualiment.fr\/#organization\",\"name\":\"Carnot Qualiment\",\"url\":\"https:\/\/qualiment.fr\/\",\"logo\":{\"@type\":\"ImageObject\",\"inLanguage\":\"en-US\",\"@id\":\"https:\/\/qualiment.fr\/#\/schema\/logo\/image\/\",\"url\":\"https:\/\/qualiment.fr\/wp-content\/uploads\/2020\/05\/LOGO_QUALIMENT-SIGN_CARNOT_QUADRI_2020.jpg\",\"contentUrl\":\"https:\/\/qualiment.fr\/wp-content\/uploads\/2020\/05\/LOGO_QUALIMENT-SIGN_CARNOT_QUADRI_2020.jpg\",\"width\":1578,\"height\":464,\"caption\":\"Carnot Qualiment\"},\"image\":{\"@id\":\"https:\/\/qualiment.fr\/#\/schema\/logo\/image\/\"},\"sameAs\":[\"https:\/\/www.linkedin.com\/company\/11257737\/admin\/\",\"https:\/\/www.youtube.com\/channel\/UCH08Hz98kHtFt4EyzB1yF_g\"]}]}<\/script>\n<!-- \/ Yoast SEO plugin. -->","yoast_head_json":{"title":"Consumer and pleasure &bull; Carnot Qualiment","description":"Qualiment\u00ae aide les entreprises \u00e0 lier plaisir et consommation au travers d'analyses sensorielles, d'\u00e9tudes du r\u00f4le de l\u2019environnement de consommation, etc.","robots":{"index":"index","follow":"follow","max-snippet":"max-snippet:-1","max-image-preview":"max-image-preview:large","max-video-preview":"max-video-preview:-1"},"canonical":"https:\/\/qualiment.fr\/en\/consumer-and-pleasure\/","og_locale":"en_US","og_type":"article","og_title":"Consumer and pleasure &bull; Carnot Qualiment","og_description":"Qualiment\u00ae aide les entreprises \u00e0 lier plaisir et consommation au travers d'analyses sensorielles, d'\u00e9tudes du r\u00f4le de l\u2019environnement de consommation, etc.","og_url":"https:\/\/qualiment.fr\/en\/consumer-and-pleasure\/","og_site_name":"Carnot Qualiment","article_modified_time":"2023-01-03T19:40:10+00:00","twitter_card":"summary_large_image","schema":{"@context":"https:\/\/schema.org","@graph":[{"@type":"WebPage","@id":"https:\/\/qualiment.fr\/en\/consumer-and-pleasure\/","url":"https:\/\/qualiment.fr\/en\/consumer-and-pleasure\/","name":"Consumer and pleasure &bull; Carnot Qualiment","isPartOf":{"@id":"https:\/\/qualiment.fr\/#website"},"datePublished":"2019-10-25T17:49:36+00:00","dateModified":"2023-01-03T19:40:10+00:00","description":"Qualiment\u00ae aide les entreprises \u00e0 lier plaisir et consommation au travers d'analyses sensorielles, d'\u00e9tudes du r\u00f4le de l\u2019environnement de consommation, etc.","breadcrumb":{"@id":"https:\/\/qualiment.fr\/en\/consumer-and-pleasure\/#breadcrumb"},"inLanguage":"en-US","potentialAction":[{"@type":"ReadAction","target":["https:\/\/qualiment.fr\/en\/consumer-and-pleasure\/"]}]},{"@type":"BreadcrumbList","@id":"https:\/\/qualiment.fr\/en\/consumer-and-pleasure\/#breadcrumb","itemListElement":[{"@type":"ListItem","position":1,"name":"Accueil","item":"https:\/\/qualiment.fr\/en\/"},{"@type":"ListItem","position":2,"name":"Consumer and pleasure"}]},{"@type":"WebSite","@id":"https:\/\/qualiment.fr\/#website","url":"https:\/\/qualiment.fr\/","name":"Carnot Qualiment","description":"Votre partenaire de recherche pour l\u2019innovation en alimentation","publisher":{"@id":"https:\/\/qualiment.fr\/#organization"},"potentialAction":[{"@type":"SearchAction","target":{"@type":"EntryPoint","urlTemplate":"https:\/\/qualiment.fr\/?s={search_term_string}"},"query-input":"required name=search_term_string"}],"inLanguage":"en-US"},{"@type":"Organization","@id":"https:\/\/qualiment.fr\/#organization","name":"Carnot Qualiment","url":"https:\/\/qualiment.fr\/","logo":{"@type":"ImageObject","inLanguage":"en-US","@id":"https:\/\/qualiment.fr\/#\/schema\/logo\/image\/","url":"https:\/\/qualiment.fr\/wp-content\/uploads\/2020\/05\/LOGO_QUALIMENT-SIGN_CARNOT_QUADRI_2020.jpg","contentUrl":"https:\/\/qualiment.fr\/wp-content\/uploads\/2020\/05\/LOGO_QUALIMENT-SIGN_CARNOT_QUADRI_2020.jpg","width":1578,"height":464,"caption":"Carnot Qualiment"},"image":{"@id":"https:\/\/qualiment.fr\/#\/schema\/logo\/image\/"},"sameAs":["https:\/\/www.linkedin.com\/company\/11257737\/admin\/","https:\/\/www.youtube.com\/channel\/UCH08Hz98kHtFt4EyzB1yF_g"]}]}},"_links":{"self":[{"href":"https:\/\/qualiment.fr\/en\/wp-json\/wp\/v2\/pages\/2638"}],"collection":[{"href":"https:\/\/qualiment.fr\/en\/wp-json\/wp\/v2\/pages"}],"about":[{"href":"https:\/\/qualiment.fr\/en\/wp-json\/wp\/v2\/types\/page"}],"author":[{"embeddable":true,"href":"https:\/\/qualiment.fr\/en\/wp-json\/wp\/v2\/users\/1"}],"replies":[{"embeddable":true,"href":"https:\/\/qualiment.fr\/en\/wp-json\/wp\/v2\/comments?post=2638"}],"version-history":[{"count":3,"href":"https:\/\/qualiment.fr\/en\/wp-json\/wp\/v2\/pages\/2638\/revisions"}],"predecessor-version":[{"id":2659,"href":"https:\/\/qualiment.fr\/en\/wp-json\/wp\/v2\/pages\/2638\/revisions\/2659"}],"wp:attachment":[{"href":"https:\/\/qualiment.fr\/en\/wp-json\/wp\/v2\/media?parent=2638"}],"curies":[{"name":"wp","href":"https:\/\/api.w.org\/{rel}","templated":true}]}}