{"id":2641,"date":"2019-10-26T19:13:44","date_gmt":"2019-10-26T17:13:44","guid":{"rendered":"https:\/\/qualiment.fr\/tendance-naturalite\/"},"modified":"2023-01-03T21:13:59","modified_gmt":"2023-01-03T20:13:59","slug":"naturalness-trend","status":"publish","type":"page","link":"https:\/\/qualiment.fr\/en\/naturalness-trend\/","title":{"rendered":"Naturalness trend"},"content":{"rendered":"","protected":false},"excerpt":{"rendered":"","protected":false},"author":1,"featured_media":0,"parent":0,"menu_order":4,"comment_status":"closed","ping_status":"closed","template":"","meta":[],"acf":[],"yoast_head":"<!-- This site is optimized with the Yoast SEO plugin v21.1 - https:\/\/yoast.com\/wordpress\/plugins\/seo\/ -->\n<title>Naturalness trend &bull; Carnot Qualiment<\/title>\n<meta name=\"description\" content=\"Qualiment\u00ae aide les entreprises \u00e0 d\u00e9velopper des produits plus naturels gr\u00e2ce \u00e0 des approches bas\u00e9es sur la formulation ou encore de nouveaux proc\u00e9d\u00e9s.\" \/>\n<meta name=\"robots\" content=\"index, follow, max-snippet:-1, max-image-preview:large, max-video-preview:-1\" \/>\n<link rel=\"canonical\" href=\"https:\/\/qualiment.fr\/votre-partenaire-de-recherche-pour-linnovation-en-alimentation\/focus-areas\/tendance-naturalite\/\" \/>\n<meta property=\"og:locale\" content=\"en_US\" \/>\n<meta property=\"og:type\" content=\"article\" \/>\n<meta property=\"og:title\" content=\"Naturalness trend &bull; Carnot Qualiment\" \/>\n<meta property=\"og:description\" content=\"Qualiment\u00ae aide les entreprises \u00e0 d\u00e9velopper des produits plus naturels gr\u00e2ce \u00e0 des approches bas\u00e9es sur la formulation ou encore de nouveaux proc\u00e9d\u00e9s.\" \/>\n<meta property=\"og:url\" content=\"https:\/\/qualiment.fr\/votre-partenaire-de-recherche-pour-linnovation-en-alimentation\/focus-areas\/tendance-naturalite\/\" \/>\n<meta property=\"og:site_name\" content=\"Carnot Qualiment\" \/>\n<meta property=\"article:modified_time\" content=\"2023-01-03T20:13:59+00:00\" \/>\n<meta name=\"twitter:card\" content=\"summary_large_image\" \/>\n<script type=\"application\/ld+json\" class=\"yoast-schema-graph\">{\"@context\":\"https:\/\/schema.org\",\"@graph\":[{\"@type\":\"WebPage\",\"@id\":\"https:\/\/qualiment.fr\/votre-partenaire-de-recherche-pour-linnovation-en-alimentation\/focus-areas\/tendance-naturalite\/\",\"url\":\"https:\/\/qualiment.fr\/votre-partenaire-de-recherche-pour-linnovation-en-alimentation\/focus-areas\/tendance-naturalite\/\",\"name\":\"Naturalness trend &bull; Carnot Qualiment\",\"isPartOf\":{\"@id\":\"https:\/\/qualiment.fr\/#website\"},\"datePublished\":\"2019-10-26T17:13:44+00:00\",\"dateModified\":\"2023-01-03T20:13:59+00:00\",\"description\":\"Qualiment\u00ae aide les entreprises \u00e0 d\u00e9velopper des produits plus naturels gr\u00e2ce \u00e0 des approches bas\u00e9es sur la formulation ou encore de nouveaux proc\u00e9d\u00e9s.\",\"breadcrumb\":{\"@id\":\"https:\/\/qualiment.fr\/votre-partenaire-de-recherche-pour-linnovation-en-alimentation\/focus-areas\/tendance-naturalite\/#breadcrumb\"},\"inLanguage\":\"en-US\",\"potentialAction\":[{\"@type\":\"ReadAction\",\"target\":[\"https:\/\/qualiment.fr\/votre-partenaire-de-recherche-pour-linnovation-en-alimentation\/focus-areas\/tendance-naturalite\/\"]}]},{\"@type\":\"BreadcrumbList\",\"@id\":\"https:\/\/qualiment.fr\/votre-partenaire-de-recherche-pour-linnovation-en-alimentation\/focus-areas\/tendance-naturalite\/#breadcrumb\",\"itemListElement\":[{\"@type\":\"ListItem\",\"position\":1,\"name\":\"Accueil\",\"item\":\"https:\/\/qualiment.fr\/en\/\"},{\"@type\":\"ListItem\",\"position\":2,\"name\":\"Naturalness trend\"}]},{\"@type\":\"WebSite\",\"@id\":\"https:\/\/qualiment.fr\/#website\",\"url\":\"https:\/\/qualiment.fr\/\",\"name\":\"Carnot Qualiment\",\"description\":\"Votre partenaire de recherche pour l\u2019innovation en alimentation\",\"publisher\":{\"@id\":\"https:\/\/qualiment.fr\/#organization\"},\"potentialAction\":[{\"@type\":\"SearchAction\",\"target\":{\"@type\":\"EntryPoint\",\"urlTemplate\":\"https:\/\/qualiment.fr\/?s={search_term_string}\"},\"query-input\":\"required name=search_term_string\"}],\"inLanguage\":\"en-US\"},{\"@type\":\"Organization\",\"@id\":\"https:\/\/qualiment.fr\/#organization\",\"name\":\"Carnot Qualiment\",\"url\":\"https:\/\/qualiment.fr\/\",\"logo\":{\"@type\":\"ImageObject\",\"inLanguage\":\"en-US\",\"@id\":\"https:\/\/qualiment.fr\/#\/schema\/logo\/image\/\",\"url\":\"https:\/\/qualiment.fr\/wp-content\/uploads\/2020\/05\/LOGO_QUALIMENT-SIGN_CARNOT_QUADRI_2020.jpg\",\"contentUrl\":\"https:\/\/qualiment.fr\/wp-content\/uploads\/2020\/05\/LOGO_QUALIMENT-SIGN_CARNOT_QUADRI_2020.jpg\",\"width\":1578,\"height\":464,\"caption\":\"Carnot Qualiment\"},\"image\":{\"@id\":\"https:\/\/qualiment.fr\/#\/schema\/logo\/image\/\"},\"sameAs\":[\"https:\/\/www.linkedin.com\/company\/11257737\/admin\/\",\"https:\/\/www.youtube.com\/channel\/UCH08Hz98kHtFt4EyzB1yF_g\"]}]}<\/script>\n<!-- \/ Yoast SEO plugin. -->","yoast_head_json":{"title":"Naturalness trend &bull; Carnot Qualiment","description":"Qualiment\u00ae aide les entreprises \u00e0 d\u00e9velopper des produits plus naturels gr\u00e2ce \u00e0 des approches bas\u00e9es sur la formulation ou encore de nouveaux proc\u00e9d\u00e9s.","robots":{"index":"index","follow":"follow","max-snippet":"max-snippet:-1","max-image-preview":"max-image-preview:large","max-video-preview":"max-video-preview:-1"},"canonical":"https:\/\/qualiment.fr\/votre-partenaire-de-recherche-pour-linnovation-en-alimentation\/focus-areas\/tendance-naturalite\/","og_locale":"en_US","og_type":"article","og_title":"Naturalness trend &bull; Carnot Qualiment","og_description":"Qualiment\u00ae aide les entreprises \u00e0 d\u00e9velopper des produits plus naturels gr\u00e2ce \u00e0 des approches bas\u00e9es sur la formulation ou encore de nouveaux proc\u00e9d\u00e9s.","og_url":"https:\/\/qualiment.fr\/votre-partenaire-de-recherche-pour-linnovation-en-alimentation\/focus-areas\/tendance-naturalite\/","og_site_name":"Carnot Qualiment","article_modified_time":"2023-01-03T20:13:59+00:00","twitter_card":"summary_large_image","schema":{"@context":"https:\/\/schema.org","@graph":[{"@type":"WebPage","@id":"https:\/\/qualiment.fr\/votre-partenaire-de-recherche-pour-linnovation-en-alimentation\/focus-areas\/tendance-naturalite\/","url":"https:\/\/qualiment.fr\/votre-partenaire-de-recherche-pour-linnovation-en-alimentation\/focus-areas\/tendance-naturalite\/","name":"Naturalness trend &bull; Carnot Qualiment","isPartOf":{"@id":"https:\/\/qualiment.fr\/#website"},"datePublished":"2019-10-26T17:13:44+00:00","dateModified":"2023-01-03T20:13:59+00:00","description":"Qualiment\u00ae aide les entreprises \u00e0 d\u00e9velopper des produits plus naturels gr\u00e2ce \u00e0 des approches bas\u00e9es sur la formulation ou encore de nouveaux proc\u00e9d\u00e9s.","breadcrumb":{"@id":"https:\/\/qualiment.fr\/votre-partenaire-de-recherche-pour-linnovation-en-alimentation\/focus-areas\/tendance-naturalite\/#breadcrumb"},"inLanguage":"en-US","potentialAction":[{"@type":"ReadAction","target":["https:\/\/qualiment.fr\/votre-partenaire-de-recherche-pour-linnovation-en-alimentation\/focus-areas\/tendance-naturalite\/"]}]},{"@type":"BreadcrumbList","@id":"https:\/\/qualiment.fr\/votre-partenaire-de-recherche-pour-linnovation-en-alimentation\/focus-areas\/tendance-naturalite\/#breadcrumb","itemListElement":[{"@type":"ListItem","position":1,"name":"Accueil","item":"https:\/\/qualiment.fr\/en\/"},{"@type":"ListItem","position":2,"name":"Naturalness trend"}]},{"@type":"WebSite","@id":"https:\/\/qualiment.fr\/#website","url":"https:\/\/qualiment.fr\/","name":"Carnot Qualiment","description":"Votre partenaire de recherche pour l\u2019innovation en alimentation","publisher":{"@id":"https:\/\/qualiment.fr\/#organization"},"potentialAction":[{"@type":"SearchAction","target":{"@type":"EntryPoint","urlTemplate":"https:\/\/qualiment.fr\/?s={search_term_string}"},"query-input":"required name=search_term_string"}],"inLanguage":"en-US"},{"@type":"Organization","@id":"https:\/\/qualiment.fr\/#organization","name":"Carnot Qualiment","url":"https:\/\/qualiment.fr\/","logo":{"@type":"ImageObject","inLanguage":"en-US","@id":"https:\/\/qualiment.fr\/#\/schema\/logo\/image\/","url":"https:\/\/qualiment.fr\/wp-content\/uploads\/2020\/05\/LOGO_QUALIMENT-SIGN_CARNOT_QUADRI_2020.jpg","contentUrl":"https:\/\/qualiment.fr\/wp-content\/uploads\/2020\/05\/LOGO_QUALIMENT-SIGN_CARNOT_QUADRI_2020.jpg","width":1578,"height":464,"caption":"Carnot Qualiment"},"image":{"@id":"https:\/\/qualiment.fr\/#\/schema\/logo\/image\/"},"sameAs":["https:\/\/www.linkedin.com\/company\/11257737\/admin\/","https:\/\/www.youtube.com\/channel\/UCH08Hz98kHtFt4EyzB1yF_g"]}]}},"_links":{"self":[{"href":"https:\/\/qualiment.fr\/en\/wp-json\/wp\/v2\/pages\/2641"}],"collection":[{"href":"https:\/\/qualiment.fr\/en\/wp-json\/wp\/v2\/pages"}],"about":[{"href":"https:\/\/qualiment.fr\/en\/wp-json\/wp\/v2\/types\/page"}],"author":[{"embeddable":true,"href":"https:\/\/qualiment.fr\/en\/wp-json\/wp\/v2\/users\/1"}],"replies":[{"embeddable":true,"href":"https:\/\/qualiment.fr\/en\/wp-json\/wp\/v2\/comments?post=2641"}],"version-history":[{"count":5,"href":"https:\/\/qualiment.fr\/en\/wp-json\/wp\/v2\/pages\/2641\/revisions"}],"predecessor-version":[{"id":2670,"href":"https:\/\/qualiment.fr\/en\/wp-json\/wp\/v2\/pages\/2641\/revisions\/2670"}],"wp:attachment":[{"href":"https:\/\/qualiment.fr\/en\/wp-json\/wp\/v2\/media?parent=2641"}],"curies":[{"name":"wp","href":"https:\/\/api.w.org\/{rel}","templated":true}]}}