{"id":2699,"date":"2018-10-08T17:39:22","date_gmt":"2018-10-08T15:39:22","guid":{"rendered":"https:\/\/qualiment.fr\/lequipe\/"},"modified":"2024-03-18T14:56:19","modified_gmt":"2024-03-18T13:56:19","slug":"the-team","status":"publish","type":"page","link":"https:\/\/qualiment.fr\/en\/the-team\/","title":{"rendered":"The team"},"content":{"rendered":"<p>We support you in identifying and combining the skills needed for your project and in its construction.<\/p>\n<p>We help to promote meetings between companies and researchers and to facilitate collaboration and contractualization.<\/p>\n","protected":false},"excerpt":{"rendered":"<p>We support you in identifying and combining the skills needed for your project and in its construction. We help to promote meetings between companies and researchers and to facilitate collaboration and contractualization.<\/p>\n","protected":false},"author":1,"featured_media":0,"parent":0,"menu_order":5,"comment_status":"closed","ping_status":"closed","template":"","meta":[],"acf":[],"yoast_head":"<!-- This site is optimized with the Yoast SEO plugin v21.1 - https:\/\/yoast.com\/wordpress\/plugins\/seo\/ -->\n<title>The team &bull; Carnot Qualiment<\/title>\n<meta name=\"description\" content=\"Le Carnot Qualiment\u00ae dispose d&#039;une \u00e9quipe op\u00e9rationnelle d\u00e9di\u00e9e, porte d&#039;entr\u00e9e du r\u00e9seau de laboratoires et centres techniques pour les entreprises\" \/>\n<meta name=\"robots\" content=\"index, follow, max-snippet:-1, max-image-preview:large, max-video-preview:-1\" \/>\n<link rel=\"canonical\" href=\"https:\/\/qualiment.fr\/en\/the-team\/\" \/>\n<meta property=\"og:locale\" content=\"en_US\" \/>\n<meta property=\"og:type\" content=\"article\" \/>\n<meta property=\"og:title\" content=\"The team &bull; Carnot Qualiment\" \/>\n<meta property=\"og:description\" content=\"Le Carnot Qualiment\u00ae dispose d&#039;une \u00e9quipe op\u00e9rationnelle d\u00e9di\u00e9e, porte d&#039;entr\u00e9e du r\u00e9seau de laboratoires et centres techniques pour les entreprises\" \/>\n<meta property=\"og:url\" content=\"https:\/\/qualiment.fr\/en\/the-team\/\" \/>\n<meta property=\"og:site_name\" content=\"Carnot Qualiment\" \/>\n<meta property=\"article:modified_time\" content=\"2024-03-18T13:56:19+00:00\" \/>\n<meta name=\"twitter:card\" content=\"summary_large_image\" \/>\n<meta name=\"twitter:label1\" content=\"Est. reading time\" \/>\n\t<meta name=\"twitter:data1\" content=\"1 minute\" \/>\n<script type=\"application\/ld+json\" class=\"yoast-schema-graph\">{\"@context\":\"https:\/\/schema.org\",\"@graph\":[{\"@type\":\"WebPage\",\"@id\":\"https:\/\/qualiment.fr\/en\/the-team\/\",\"url\":\"https:\/\/qualiment.fr\/en\/the-team\/\",\"name\":\"The team &bull; Carnot Qualiment\",\"isPartOf\":{\"@id\":\"https:\/\/qualiment.fr\/#website\"},\"datePublished\":\"2018-10-08T15:39:22+00:00\",\"dateModified\":\"2024-03-18T13:56:19+00:00\",\"description\":\"Le Carnot Qualiment\u00ae dispose d'une \u00e9quipe op\u00e9rationnelle d\u00e9di\u00e9e, porte d'entr\u00e9e du r\u00e9seau de laboratoires et centres techniques pour les entreprises\",\"breadcrumb\":{\"@id\":\"https:\/\/qualiment.fr\/en\/the-team\/#breadcrumb\"},\"inLanguage\":\"en-US\",\"potentialAction\":[{\"@type\":\"ReadAction\",\"target\":[\"https:\/\/qualiment.fr\/en\/the-team\/\"]}]},{\"@type\":\"BreadcrumbList\",\"@id\":\"https:\/\/qualiment.fr\/en\/the-team\/#breadcrumb\",\"itemListElement\":[{\"@type\":\"ListItem\",\"position\":1,\"name\":\"Accueil\",\"item\":\"https:\/\/qualiment.fr\/en\/\"},{\"@type\":\"ListItem\",\"position\":2,\"name\":\"The team\"}]},{\"@type\":\"WebSite\",\"@id\":\"https:\/\/qualiment.fr\/#website\",\"url\":\"https:\/\/qualiment.fr\/\",\"name\":\"Carnot Qualiment\",\"description\":\"Votre partenaire de recherche pour l\u2019innovation en alimentation\",\"publisher\":{\"@id\":\"https:\/\/qualiment.fr\/#organization\"},\"potentialAction\":[{\"@type\":\"SearchAction\",\"target\":{\"@type\":\"EntryPoint\",\"urlTemplate\":\"https:\/\/qualiment.fr\/?s={search_term_string}\"},\"query-input\":\"required name=search_term_string\"}],\"inLanguage\":\"en-US\"},{\"@type\":\"Organization\",\"@id\":\"https:\/\/qualiment.fr\/#organization\",\"name\":\"Carnot Qualiment\",\"url\":\"https:\/\/qualiment.fr\/\",\"logo\":{\"@type\":\"ImageObject\",\"inLanguage\":\"en-US\",\"@id\":\"https:\/\/qualiment.fr\/#\/schema\/logo\/image\/\",\"url\":\"https:\/\/qualiment.fr\/wp-content\/uploads\/2020\/05\/LOGO_QUALIMENT-SIGN_CARNOT_QUADRI_2020.jpg\",\"contentUrl\":\"https:\/\/qualiment.fr\/wp-content\/uploads\/2020\/05\/LOGO_QUALIMENT-SIGN_CARNOT_QUADRI_2020.jpg\",\"width\":1578,\"height\":464,\"caption\":\"Carnot Qualiment\"},\"image\":{\"@id\":\"https:\/\/qualiment.fr\/#\/schema\/logo\/image\/\"},\"sameAs\":[\"https:\/\/www.linkedin.com\/company\/11257737\/admin\/\",\"https:\/\/www.youtube.com\/channel\/UCH08Hz98kHtFt4EyzB1yF_g\"]}]}<\/script>\n<!-- \/ Yoast SEO plugin. -->","yoast_head_json":{"title":"The team &bull; Carnot Qualiment","description":"Le Carnot Qualiment\u00ae dispose d'une \u00e9quipe op\u00e9rationnelle d\u00e9di\u00e9e, porte d'entr\u00e9e du r\u00e9seau de laboratoires et centres techniques pour les entreprises","robots":{"index":"index","follow":"follow","max-snippet":"max-snippet:-1","max-image-preview":"max-image-preview:large","max-video-preview":"max-video-preview:-1"},"canonical":"https:\/\/qualiment.fr\/en\/the-team\/","og_locale":"en_US","og_type":"article","og_title":"The team &bull; Carnot Qualiment","og_description":"Le Carnot Qualiment\u00ae dispose d'une \u00e9quipe op\u00e9rationnelle d\u00e9di\u00e9e, porte d'entr\u00e9e du r\u00e9seau de laboratoires et centres techniques pour les entreprises","og_url":"https:\/\/qualiment.fr\/en\/the-team\/","og_site_name":"Carnot Qualiment","article_modified_time":"2024-03-18T13:56:19+00:00","twitter_card":"summary_large_image","twitter_misc":{"Est. reading time":"1 minute"},"schema":{"@context":"https:\/\/schema.org","@graph":[{"@type":"WebPage","@id":"https:\/\/qualiment.fr\/en\/the-team\/","url":"https:\/\/qualiment.fr\/en\/the-team\/","name":"The team &bull; Carnot Qualiment","isPartOf":{"@id":"https:\/\/qualiment.fr\/#website"},"datePublished":"2018-10-08T15:39:22+00:00","dateModified":"2024-03-18T13:56:19+00:00","description":"Le Carnot Qualiment\u00ae dispose d'une \u00e9quipe op\u00e9rationnelle d\u00e9di\u00e9e, porte d'entr\u00e9e du r\u00e9seau de laboratoires et centres techniques pour les entreprises","breadcrumb":{"@id":"https:\/\/qualiment.fr\/en\/the-team\/#breadcrumb"},"inLanguage":"en-US","potentialAction":[{"@type":"ReadAction","target":["https:\/\/qualiment.fr\/en\/the-team\/"]}]},{"@type":"BreadcrumbList","@id":"https:\/\/qualiment.fr\/en\/the-team\/#breadcrumb","itemListElement":[{"@type":"ListItem","position":1,"name":"Accueil","item":"https:\/\/qualiment.fr\/en\/"},{"@type":"ListItem","position":2,"name":"The team"}]},{"@type":"WebSite","@id":"https:\/\/qualiment.fr\/#website","url":"https:\/\/qualiment.fr\/","name":"Carnot Qualiment","description":"Votre partenaire de recherche pour l\u2019innovation en alimentation","publisher":{"@id":"https:\/\/qualiment.fr\/#organization"},"potentialAction":[{"@type":"SearchAction","target":{"@type":"EntryPoint","urlTemplate":"https:\/\/qualiment.fr\/?s={search_term_string}"},"query-input":"required name=search_term_string"}],"inLanguage":"en-US"},{"@type":"Organization","@id":"https:\/\/qualiment.fr\/#organization","name":"Carnot Qualiment","url":"https:\/\/qualiment.fr\/","logo":{"@type":"ImageObject","inLanguage":"en-US","@id":"https:\/\/qualiment.fr\/#\/schema\/logo\/image\/","url":"https:\/\/qualiment.fr\/wp-content\/uploads\/2020\/05\/LOGO_QUALIMENT-SIGN_CARNOT_QUADRI_2020.jpg","contentUrl":"https:\/\/qualiment.fr\/wp-content\/uploads\/2020\/05\/LOGO_QUALIMENT-SIGN_CARNOT_QUADRI_2020.jpg","width":1578,"height":464,"caption":"Carnot Qualiment"},"image":{"@id":"https:\/\/qualiment.fr\/#\/schema\/logo\/image\/"},"sameAs":["https:\/\/www.linkedin.com\/company\/11257737\/admin\/","https:\/\/www.youtube.com\/channel\/UCH08Hz98kHtFt4EyzB1yF_g"]}]}},"_links":{"self":[{"href":"https:\/\/qualiment.fr\/en\/wp-json\/wp\/v2\/pages\/2699"}],"collection":[{"href":"https:\/\/qualiment.fr\/en\/wp-json\/wp\/v2\/pages"}],"about":[{"href":"https:\/\/qualiment.fr\/en\/wp-json\/wp\/v2\/types\/page"}],"author":[{"embeddable":true,"href":"https:\/\/qualiment.fr\/en\/wp-json\/wp\/v2\/users\/1"}],"replies":[{"embeddable":true,"href":"https:\/\/qualiment.fr\/en\/wp-json\/wp\/v2\/comments?post=2699"}],"version-history":[{"count":6,"href":"https:\/\/qualiment.fr\/en\/wp-json\/wp\/v2\/pages\/2699\/revisions"}],"predecessor-version":[{"id":3320,"href":"https:\/\/qualiment.fr\/en\/wp-json\/wp\/v2\/pages\/2699\/revisions\/3320"}],"wp:attachment":[{"href":"https:\/\/qualiment.fr\/en\/wp-json\/wp\/v2\/media?parent=2699"}],"curies":[{"name":"wp","href":"https:\/\/api.w.org\/{rel}","templated":true}]}}