{"id":2729,"date":"2018-10-08T17:49:20","date_gmt":"2018-10-08T15:49:20","guid":{"rendered":"https:\/\/qualiment.fr\/votre-partenaire-de-recherche-pour-linnovation-en-alimentation\/mentions-legales\/"},"modified":"2024-03-18T14:53:47","modified_gmt":"2024-03-18T13:53:47","slug":"legal-information","status":"publish","type":"page","link":"https:\/\/qualiment.fr\/en\/votre-partenaire-de-recherche-pour-linnovation-en-alimentation\/legal-information\/","title":{"rendered":"Legal information"},"content":{"rendered":"<p><strong>Responsible and animator of the website<\/strong><br \/>\nINRAE TRANSFERT, INRAE Subsidiary<br \/>\nNad\u00e8ge ROCHE et Ga\u00eblle BERAL<br \/>\nHead office: 5 rue Watt, Immeuble Biopark \u2013 75013 Paris \u2013 Soci\u00e9t\u00e9 par Actions Simplifi\u00e9e au capital de 1 920 000 \u20ac<br \/>\nRCS PARIS B 433 960 762 SIRET : 433 960 762 00048 \u2013 APE 671 C \u2013 TVA FR 96 433 960 762<br \/>\nTelephone : +33 (0)6 46 36 33 27 et +33 (0)6 19 07 28 73<\/p>\n<p>Responsible for the publication<br \/>\nCatherine RENARD<br \/>\nQualiment Director<br \/>\nINRAE<br \/>\n147, rue de l\u2019Universit\u00e9<br \/>\n75338 Paris Cedex 07<br \/>\nT\u00e9l\u00e9phone : +33 (0) 1 42 75 90 00<\/p>\n<p><strong>Web site host<\/strong><br \/>\nOVH : 140 Quai du Sartel 59100 Roubaix<\/p>\n<p><strong>Website creator<\/strong><br \/>\n<a href=\"https:\/\/rockcom.fr\">rockcom.fr<\/a><\/p>\n<p><strong>Copyright<\/strong><br \/>\nAny unauthorized reproduction or distribution of the information on this site is prohibited. The content is available for private and not collective use. The code of intellectual property authorizing, under the terms of Article L. 122-5.2\u00b0 and 3\u00b0a, on the one hand, that &#8220;copies or reproductions strictly reserved for private use of the copier and not intended for collective use&#8221; and, on the other hand, that the analysis and short quotations for the purpose of example and illustration, &#8220;any representation or reproduction in whole or in part without the consent of the author or his successors in title or assigns shall be unlawful&#8221; (art. L. 122-4). This representation or reproduction, by any means whatsoever, would therefore constitute an infringement punishable by articles L. 335-2 and following of the Intellectual Property Code.<\/p>\n<p><strong>Databases<\/strong><br \/>\nIn accordance with the provisions of Law No. 98-536 of July 1, 1998, transposing Directive 96\/9\/EC of March 11, 1996 on the legal protection of databases into the Intellectual Property Code, INRAE Transfert is the producer and owner of all or part of the databases that make up this site.<\/p>\n<p><strong>Protection of personal data<br \/>\n<\/strong>In accordance with the law n\u00b078-17 of January 6, 1978 modified in 2004, INRAE Transfert declared the Qualiment website to the CNIL under the number 1432033.<br \/>\nThe people registered on the private area can at any time consult, modify, rectify and delete the information they have given.<\/p>\n<p>The cookies present on the site are not intended to collect personal information on the profile or behavior of the user.<br \/>\nAll information collected will not be resold or communicated to third parties.<\/p>\n<p><strong>Brands and logos<\/strong><br \/>\nAny use whatsoever of the brand names and logos on this site is prohibited without authorization.<\/p>\n<p>Photos credit<br \/>\nPhotos Shutterstock, Pixabay, Pxhere<br \/>\nPhotos \u00a9INRAE :<br \/>\n1262-0071.JPG, WEBER Jean, Chargement d\u2019un gel d\u2019agarose permettant l\u2019examen de fragments d\u2019ADN par electrophor\u00e8se.<br \/>\n0010-0045.JPG, MAITRE Christophe, Interpr\u00e9tation et r\u00e9flexion ! Deux jeunes chercheurs.<br \/>\n9027-0033.JPG, ABECASSIS Jo\u00ebl, Proc\u00e9d\u00e9s de fabrication des p\u00e2tes alimentaires.<br \/>\n2309-0056.JPG, BEGUEY Alain, Evaluation de la couleur du jaune d\u2019oeuf \u00e0 l\u2019aide d\u2019une \u00e9chelle colorim\u00e9trique.<br \/>\n9021-0019.JPG, CHAUNIER Laurent, Grains d\u2019amidon de pomme de terre observ\u00e9s en microscopie en lumi\u00e8re polaris\u00e9e (objectif X 40).<br \/>\nPhoto Centers for Disease Control and Prevention &#8211; Public Health Image Library : ID#21348, Alissa Eckert, MS<\/p>\n","protected":false},"excerpt":{"rendered":"<p>Responsible and animator of the website INRAE TRANSFERT, INRAE Subsidiary Nad\u00e8ge ROCHE et Ga\u00eblle BERAL Head office: 5 rue Watt, Immeuble Biopark \u2013 75013 Paris \u2013 Soci\u00e9t\u00e9 par Actions Simplifi\u00e9e au capital de 1 920 000 \u20ac RCS PARIS B 433 960 762 SIRET : 433 960 762 00048 \u2013 APE 671 C \u2013 TVA<\/p>\n","protected":false},"author":1,"featured_media":0,"parent":2364,"menu_order":15,"comment_status":"closed","ping_status":"closed","template":"","meta":[],"acf":[],"yoast_head":"<!-- This site is optimized with the Yoast SEO plugin v21.1 - https:\/\/yoast.com\/wordpress\/plugins\/seo\/ -->\n<title>Legal information &bull; Carnot Qualiment<\/title>\n<meta name=\"robots\" content=\"index, follow, max-snippet:-1, max-image-preview:large, max-video-preview:-1\" \/>\n<link rel=\"canonical\" href=\"https:\/\/qualiment.fr\/en\/votre-partenaire-de-recherche-pour-linnovation-en-alimentation\/legal-information\/\" \/>\n<meta property=\"og:locale\" content=\"en_US\" \/>\n<meta property=\"og:type\" content=\"article\" \/>\n<meta property=\"og:title\" content=\"Legal information &bull; Carnot Qualiment\" \/>\n<meta property=\"og:description\" content=\"Responsible and animator of the website INRAE TRANSFERT, INRAE Subsidiary Nad\u00e8ge ROCHE et Ga\u00eblle BERAL Head office: 5 rue Watt, Immeuble Biopark \u2013 75013 Paris \u2013 Soci\u00e9t\u00e9 par Actions Simplifi\u00e9e au capital de 1 920 000 \u20ac RCS PARIS B 433 960 762 SIRET : 433 960 762 00048 \u2013 APE 671 C \u2013 TVA\" \/>\n<meta property=\"og:url\" content=\"https:\/\/qualiment.fr\/en\/votre-partenaire-de-recherche-pour-linnovation-en-alimentation\/legal-information\/\" \/>\n<meta property=\"og:site_name\" content=\"Carnot Qualiment\" \/>\n<meta property=\"article:modified_time\" content=\"2024-03-18T13:53:47+00:00\" \/>\n<meta name=\"twitter:card\" content=\"summary_large_image\" \/>\n<meta name=\"twitter:label1\" content=\"Est. reading time\" \/>\n\t<meta name=\"twitter:data1\" content=\"3 minutes\" \/>\n<script type=\"application\/ld+json\" class=\"yoast-schema-graph\">{\"@context\":\"https:\/\/schema.org\",\"@graph\":[{\"@type\":\"WebPage\",\"@id\":\"https:\/\/qualiment.fr\/en\/votre-partenaire-de-recherche-pour-linnovation-en-alimentation\/legal-information\/\",\"url\":\"https:\/\/qualiment.fr\/en\/votre-partenaire-de-recherche-pour-linnovation-en-alimentation\/legal-information\/\",\"name\":\"Legal information &bull; Carnot Qualiment\",\"isPartOf\":{\"@id\":\"https:\/\/qualiment.fr\/#website\"},\"datePublished\":\"2018-10-08T15:49:20+00:00\",\"dateModified\":\"2024-03-18T13:53:47+00:00\",\"breadcrumb\":{\"@id\":\"https:\/\/qualiment.fr\/en\/votre-partenaire-de-recherche-pour-linnovation-en-alimentation\/legal-information\/#breadcrumb\"},\"inLanguage\":\"en-US\",\"potentialAction\":[{\"@type\":\"ReadAction\",\"target\":[\"https:\/\/qualiment.fr\/en\/votre-partenaire-de-recherche-pour-linnovation-en-alimentation\/legal-information\/\"]}]},{\"@type\":\"BreadcrumbList\",\"@id\":\"https:\/\/qualiment.fr\/en\/votre-partenaire-de-recherche-pour-linnovation-en-alimentation\/legal-information\/#breadcrumb\",\"itemListElement\":[{\"@type\":\"ListItem\",\"position\":1,\"name\":\"Accueil\",\"item\":\"https:\/\/qualiment.fr\/en\/\"},{\"@type\":\"ListItem\",\"position\":2,\"name\":\"Carnot Qualiment\u00ae\",\"item\":\"https:\/\/qualiment.fr\/en\/\"},{\"@type\":\"ListItem\",\"position\":3,\"name\":\"Legal information\"}]},{\"@type\":\"WebSite\",\"@id\":\"https:\/\/qualiment.fr\/#website\",\"url\":\"https:\/\/qualiment.fr\/\",\"name\":\"Carnot Qualiment\",\"description\":\"Votre partenaire de recherche pour l\u2019innovation en alimentation\",\"publisher\":{\"@id\":\"https:\/\/qualiment.fr\/#organization\"},\"potentialAction\":[{\"@type\":\"SearchAction\",\"target\":{\"@type\":\"EntryPoint\",\"urlTemplate\":\"https:\/\/qualiment.fr\/?s={search_term_string}\"},\"query-input\":\"required name=search_term_string\"}],\"inLanguage\":\"en-US\"},{\"@type\":\"Organization\",\"@id\":\"https:\/\/qualiment.fr\/#organization\",\"name\":\"Carnot Qualiment\",\"url\":\"https:\/\/qualiment.fr\/\",\"logo\":{\"@type\":\"ImageObject\",\"inLanguage\":\"en-US\",\"@id\":\"https:\/\/qualiment.fr\/#\/schema\/logo\/image\/\",\"url\":\"https:\/\/qualiment.fr\/wp-content\/uploads\/2020\/05\/LOGO_QUALIMENT-SIGN_CARNOT_QUADRI_2020.jpg\",\"contentUrl\":\"https:\/\/qualiment.fr\/wp-content\/uploads\/2020\/05\/LOGO_QUALIMENT-SIGN_CARNOT_QUADRI_2020.jpg\",\"width\":1578,\"height\":464,\"caption\":\"Carnot Qualiment\"},\"image\":{\"@id\":\"https:\/\/qualiment.fr\/#\/schema\/logo\/image\/\"},\"sameAs\":[\"https:\/\/www.linkedin.com\/company\/11257737\/admin\/\",\"https:\/\/www.youtube.com\/channel\/UCH08Hz98kHtFt4EyzB1yF_g\"]}]}<\/script>\n<!-- \/ Yoast SEO plugin. -->","yoast_head_json":{"title":"Legal information &bull; Carnot Qualiment","robots":{"index":"index","follow":"follow","max-snippet":"max-snippet:-1","max-image-preview":"max-image-preview:large","max-video-preview":"max-video-preview:-1"},"canonical":"https:\/\/qualiment.fr\/en\/votre-partenaire-de-recherche-pour-linnovation-en-alimentation\/legal-information\/","og_locale":"en_US","og_type":"article","og_title":"Legal information &bull; Carnot Qualiment","og_description":"Responsible and animator of the website INRAE TRANSFERT, INRAE Subsidiary Nad\u00e8ge ROCHE et Ga\u00eblle BERAL Head office: 5 rue Watt, Immeuble Biopark \u2013 75013 Paris \u2013 Soci\u00e9t\u00e9 par Actions Simplifi\u00e9e au capital de 1 920 000 \u20ac RCS PARIS B 433 960 762 SIRET : 433 960 762 00048 \u2013 APE 671 C \u2013 TVA","og_url":"https:\/\/qualiment.fr\/en\/votre-partenaire-de-recherche-pour-linnovation-en-alimentation\/legal-information\/","og_site_name":"Carnot Qualiment","article_modified_time":"2024-03-18T13:53:47+00:00","twitter_card":"summary_large_image","twitter_misc":{"Est. reading time":"3 minutes"},"schema":{"@context":"https:\/\/schema.org","@graph":[{"@type":"WebPage","@id":"https:\/\/qualiment.fr\/en\/votre-partenaire-de-recherche-pour-linnovation-en-alimentation\/legal-information\/","url":"https:\/\/qualiment.fr\/en\/votre-partenaire-de-recherche-pour-linnovation-en-alimentation\/legal-information\/","name":"Legal information &bull; Carnot Qualiment","isPartOf":{"@id":"https:\/\/qualiment.fr\/#website"},"datePublished":"2018-10-08T15:49:20+00:00","dateModified":"2024-03-18T13:53:47+00:00","breadcrumb":{"@id":"https:\/\/qualiment.fr\/en\/votre-partenaire-de-recherche-pour-linnovation-en-alimentation\/legal-information\/#breadcrumb"},"inLanguage":"en-US","potentialAction":[{"@type":"ReadAction","target":["https:\/\/qualiment.fr\/en\/votre-partenaire-de-recherche-pour-linnovation-en-alimentation\/legal-information\/"]}]},{"@type":"BreadcrumbList","@id":"https:\/\/qualiment.fr\/en\/votre-partenaire-de-recherche-pour-linnovation-en-alimentation\/legal-information\/#breadcrumb","itemListElement":[{"@type":"ListItem","position":1,"name":"Accueil","item":"https:\/\/qualiment.fr\/en\/"},{"@type":"ListItem","position":2,"name":"Carnot Qualiment\u00ae","item":"https:\/\/qualiment.fr\/en\/"},{"@type":"ListItem","position":3,"name":"Legal information"}]},{"@type":"WebSite","@id":"https:\/\/qualiment.fr\/#website","url":"https:\/\/qualiment.fr\/","name":"Carnot Qualiment","description":"Votre partenaire de recherche pour l\u2019innovation en alimentation","publisher":{"@id":"https:\/\/qualiment.fr\/#organization"},"potentialAction":[{"@type":"SearchAction","target":{"@type":"EntryPoint","urlTemplate":"https:\/\/qualiment.fr\/?s={search_term_string}"},"query-input":"required name=search_term_string"}],"inLanguage":"en-US"},{"@type":"Organization","@id":"https:\/\/qualiment.fr\/#organization","name":"Carnot Qualiment","url":"https:\/\/qualiment.fr\/","logo":{"@type":"ImageObject","inLanguage":"en-US","@id":"https:\/\/qualiment.fr\/#\/schema\/logo\/image\/","url":"https:\/\/qualiment.fr\/wp-content\/uploads\/2020\/05\/LOGO_QUALIMENT-SIGN_CARNOT_QUADRI_2020.jpg","contentUrl":"https:\/\/qualiment.fr\/wp-content\/uploads\/2020\/05\/LOGO_QUALIMENT-SIGN_CARNOT_QUADRI_2020.jpg","width":1578,"height":464,"caption":"Carnot Qualiment"},"image":{"@id":"https:\/\/qualiment.fr\/#\/schema\/logo\/image\/"},"sameAs":["https:\/\/www.linkedin.com\/company\/11257737\/admin\/","https:\/\/www.youtube.com\/channel\/UCH08Hz98kHtFt4EyzB1yF_g"]}]}},"_links":{"self":[{"href":"https:\/\/qualiment.fr\/en\/wp-json\/wp\/v2\/pages\/2729"}],"collection":[{"href":"https:\/\/qualiment.fr\/en\/wp-json\/wp\/v2\/pages"}],"about":[{"href":"https:\/\/qualiment.fr\/en\/wp-json\/wp\/v2\/types\/page"}],"author":[{"embeddable":true,"href":"https:\/\/qualiment.fr\/en\/wp-json\/wp\/v2\/users\/1"}],"replies":[{"embeddable":true,"href":"https:\/\/qualiment.fr\/en\/wp-json\/wp\/v2\/comments?post=2729"}],"version-history":[{"count":3,"href":"https:\/\/qualiment.fr\/en\/wp-json\/wp\/v2\/pages\/2729\/revisions"}],"predecessor-version":[{"id":3319,"href":"https:\/\/qualiment.fr\/en\/wp-json\/wp\/v2\/pages\/2729\/revisions\/3319"}],"up":[{"embeddable":true,"href":"https:\/\/qualiment.fr\/en\/wp-json\/wp\/v2\/pages\/2364"}],"wp:attachment":[{"href":"https:\/\/qualiment.fr\/en\/wp-json\/wp\/v2\/media?parent=2729"}],"curies":[{"name":"wp","href":"https:\/\/api.w.org\/{rel}","templated":true}]}}