{"id":2730,"date":"2020-02-25T17:12:48","date_gmt":"2020-02-25T16:12:48","guid":{"rendered":"https:\/\/qualiment.fr\/politique-qualite\/"},"modified":"2023-01-05T13:05:13","modified_gmt":"2023-01-05T12:05:13","slug":"quality-policy","status":"publish","type":"page","link":"https:\/\/qualiment.fr\/en\/quality-policy\/","title":{"rendered":"Quality policy"},"content":{"rendered":"<p>Carnot Qualiment\u00ae obtained in 2011 the Carnot label awarded by the French Ministry of Research, recognizing its scientific excellence and its strong activity of partnership research. The Carnot Qualiment\u00ae was relabelled Carnot in July 2016 and in February 2020.<\/p>\n<p>Wishing to pursue the harmonious development of a high level academic research and a partnership research focused on innovation, but also driven by the desire to improve its efficiency and the joint satisfaction of its private partners and its supervisors, Carnot Qualiment\u00ae decided to implement a quality process in accordance with the requirements of the ISO 9001 standard. Carnot Qualiment\u00ae was certified ISO 9001 in September 2015, and it renewed its ISO 9001 certification in June 2018.<\/p>\n<p>Carnot Qualiment\u00ae&#8217;s quality policy is oriented around five strategic axes:<\/p>\n<ul>\n<li>Continuously improve the professionalization of the staff involved in the<br \/>\nnegotiations of partnership research contracts<\/li>\n<li>Harmonize contractualization practices between partner organizations (called<br \/>\nor institutions of affiliation)<\/li>\n<li>Develop industrial partnerships in accordance with its research strategy while<br \/>\nimproving the satisfaction of private partners with regard to the processing of contracts.<br \/>\ncontracts.<\/li>\n<li>To have tools presenting the good practices of contractualization and communication<br \/>\ncommunication in order to sensitize the entities of Carnot Qualiment\u00ae.<\/li>\n<li>To define and implement good practices of communication and prospecting in order to develop partnerships and<br \/>\nto develop partnerships and the visibility of Carnot Qualiment\u00ae.<\/li>\n<\/ul>\n<p>This quality policy allows Carnot Qualiment\u00ae to develop its industrial partnership in accordance with its strategy while improving the satisfaction of private partners regarding the instruction of research contracts.<\/p>\n<p>Quality objectives, in relation with these axes, are defined, evaluated and reviewed during the management review organized at least once a year within Carnot Qualiment\u00ae.<\/p>\n<p>I invite all the Carnot Qualiment\u00ae staff to get involved in the quality process, in order to ensure its success, and thank you in advance.<\/p>\n<p>I appoint Alexis Deletoile as of 01\/06\/2022, quality representative of the Management and also deputy director of Carnot Qualiment\u00ae, in order to lead this progress process and to report to the Management &#8211; with the support of Corina Pruna, quality manager.<\/p>\n<p>Catherine Renard<\/p>\n<p>Director of Carnot Qualiment\u00ae<\/p>\n","protected":false},"excerpt":{"rendered":"<p>Carnot Qualiment\u00ae obtained in 2011 the Carnot label awarded by the French Ministry of Research, recognizing its scientific excellence and its strong activity of partnership research. The Carnot Qualiment\u00ae was relabelled Carnot in July 2016 and in February 2020. Wishing to pursue the harmonious development of a high level academic research and a partnership research<\/p>\n","protected":false},"author":1,"featured_media":0,"parent":0,"menu_order":15,"comment_status":"closed","ping_status":"closed","template":"","meta":[],"acf":[],"yoast_head":"<!-- This site is optimized with the Yoast SEO plugin v21.1 - https:\/\/yoast.com\/wordpress\/plugins\/seo\/ -->\n<title>Quality policy &bull; Carnot Qualiment<\/title>\n<meta name=\"description\" content=\"Le Carnot Qualiment\u00ae a mis en \u0153uvre une d\u00e9marche qualit\u00e9 en conformit\u00e9 avec les exigences de la norme ISO 9001. Le Carnot Qualiment\u00ae a \u00e9t\u00e9 certifi\u00e9 ISO 9001 en septembre 2015, et il a renouvel\u00e9 sa certification ISO 9001 en juin 2018.\" \/>\n<meta name=\"robots\" content=\"index, follow, max-snippet:-1, max-image-preview:large, max-video-preview:-1\" \/>\n<link rel=\"canonical\" href=\"https:\/\/qualiment.fr\/en\/quality-policy\/\" \/>\n<meta property=\"og:locale\" content=\"en_US\" \/>\n<meta property=\"og:type\" content=\"article\" \/>\n<meta property=\"og:title\" content=\"Quality policy &bull; Carnot Qualiment\" \/>\n<meta property=\"og:description\" content=\"Le Carnot Qualiment\u00ae a mis en \u0153uvre une d\u00e9marche qualit\u00e9 en conformit\u00e9 avec les exigences de la norme ISO 9001. Le Carnot Qualiment\u00ae a \u00e9t\u00e9 certifi\u00e9 ISO 9001 en septembre 2015, et il a renouvel\u00e9 sa certification ISO 9001 en juin 2018.\" \/>\n<meta property=\"og:url\" content=\"https:\/\/qualiment.fr\/en\/quality-policy\/\" \/>\n<meta property=\"og:site_name\" content=\"Carnot Qualiment\" \/>\n<meta property=\"article:modified_time\" content=\"2023-01-05T12:05:13+00:00\" \/>\n<meta name=\"twitter:card\" content=\"summary_large_image\" \/>\n<meta name=\"twitter:label1\" content=\"Est. reading time\" \/>\n\t<meta name=\"twitter:data1\" content=\"2 minutes\" \/>\n<script type=\"application\/ld+json\" class=\"yoast-schema-graph\">{\"@context\":\"https:\/\/schema.org\",\"@graph\":[{\"@type\":\"WebPage\",\"@id\":\"https:\/\/qualiment.fr\/en\/quality-policy\/\",\"url\":\"https:\/\/qualiment.fr\/en\/quality-policy\/\",\"name\":\"Quality policy &bull; Carnot Qualiment\",\"isPartOf\":{\"@id\":\"https:\/\/qualiment.fr\/#website\"},\"datePublished\":\"2020-02-25T16:12:48+00:00\",\"dateModified\":\"2023-01-05T12:05:13+00:00\",\"description\":\"Le Carnot Qualiment\u00ae a mis en \u0153uvre une d\u00e9marche qualit\u00e9 en conformit\u00e9 avec les exigences de la norme ISO 9001. Le Carnot Qualiment\u00ae a \u00e9t\u00e9 certifi\u00e9 ISO 9001 en septembre 2015, et il a renouvel\u00e9 sa certification ISO 9001 en juin 2018.\",\"breadcrumb\":{\"@id\":\"https:\/\/qualiment.fr\/en\/quality-policy\/#breadcrumb\"},\"inLanguage\":\"en-US\",\"potentialAction\":[{\"@type\":\"ReadAction\",\"target\":[\"https:\/\/qualiment.fr\/en\/quality-policy\/\"]}]},{\"@type\":\"BreadcrumbList\",\"@id\":\"https:\/\/qualiment.fr\/en\/quality-policy\/#breadcrumb\",\"itemListElement\":[{\"@type\":\"ListItem\",\"position\":1,\"name\":\"Accueil\",\"item\":\"https:\/\/qualiment.fr\/en\/\"},{\"@type\":\"ListItem\",\"position\":2,\"name\":\"Quality policy\"}]},{\"@type\":\"WebSite\",\"@id\":\"https:\/\/qualiment.fr\/#website\",\"url\":\"https:\/\/qualiment.fr\/\",\"name\":\"Carnot Qualiment\",\"description\":\"Votre partenaire de recherche pour l\u2019innovation en alimentation\",\"publisher\":{\"@id\":\"https:\/\/qualiment.fr\/#organization\"},\"potentialAction\":[{\"@type\":\"SearchAction\",\"target\":{\"@type\":\"EntryPoint\",\"urlTemplate\":\"https:\/\/qualiment.fr\/?s={search_term_string}\"},\"query-input\":\"required name=search_term_string\"}],\"inLanguage\":\"en-US\"},{\"@type\":\"Organization\",\"@id\":\"https:\/\/qualiment.fr\/#organization\",\"name\":\"Carnot Qualiment\",\"url\":\"https:\/\/qualiment.fr\/\",\"logo\":{\"@type\":\"ImageObject\",\"inLanguage\":\"en-US\",\"@id\":\"https:\/\/qualiment.fr\/#\/schema\/logo\/image\/\",\"url\":\"https:\/\/qualiment.fr\/wp-content\/uploads\/2020\/05\/LOGO_QUALIMENT-SIGN_CARNOT_QUADRI_2020.jpg\",\"contentUrl\":\"https:\/\/qualiment.fr\/wp-content\/uploads\/2020\/05\/LOGO_QUALIMENT-SIGN_CARNOT_QUADRI_2020.jpg\",\"width\":1578,\"height\":464,\"caption\":\"Carnot Qualiment\"},\"image\":{\"@id\":\"https:\/\/qualiment.fr\/#\/schema\/logo\/image\/\"},\"sameAs\":[\"https:\/\/www.linkedin.com\/company\/11257737\/admin\/\",\"https:\/\/www.youtube.com\/channel\/UCH08Hz98kHtFt4EyzB1yF_g\"]}]}<\/script>\n<!-- \/ Yoast SEO plugin. -->","yoast_head_json":{"title":"Quality policy &bull; Carnot Qualiment","description":"Le Carnot Qualiment\u00ae a mis en \u0153uvre une d\u00e9marche qualit\u00e9 en conformit\u00e9 avec les exigences de la norme ISO 9001. Le Carnot Qualiment\u00ae a \u00e9t\u00e9 certifi\u00e9 ISO 9001 en septembre 2015, et il a renouvel\u00e9 sa certification ISO 9001 en juin 2018.","robots":{"index":"index","follow":"follow","max-snippet":"max-snippet:-1","max-image-preview":"max-image-preview:large","max-video-preview":"max-video-preview:-1"},"canonical":"https:\/\/qualiment.fr\/en\/quality-policy\/","og_locale":"en_US","og_type":"article","og_title":"Quality policy &bull; Carnot Qualiment","og_description":"Le Carnot Qualiment\u00ae a mis en \u0153uvre une d\u00e9marche qualit\u00e9 en conformit\u00e9 avec les exigences de la norme ISO 9001. Le Carnot Qualiment\u00ae a \u00e9t\u00e9 certifi\u00e9 ISO 9001 en septembre 2015, et il a renouvel\u00e9 sa certification ISO 9001 en juin 2018.","og_url":"https:\/\/qualiment.fr\/en\/quality-policy\/","og_site_name":"Carnot Qualiment","article_modified_time":"2023-01-05T12:05:13+00:00","twitter_card":"summary_large_image","twitter_misc":{"Est. reading time":"2 minutes"},"schema":{"@context":"https:\/\/schema.org","@graph":[{"@type":"WebPage","@id":"https:\/\/qualiment.fr\/en\/quality-policy\/","url":"https:\/\/qualiment.fr\/en\/quality-policy\/","name":"Quality policy &bull; Carnot Qualiment","isPartOf":{"@id":"https:\/\/qualiment.fr\/#website"},"datePublished":"2020-02-25T16:12:48+00:00","dateModified":"2023-01-05T12:05:13+00:00","description":"Le Carnot Qualiment\u00ae a mis en \u0153uvre une d\u00e9marche qualit\u00e9 en conformit\u00e9 avec les exigences de la norme ISO 9001. Le Carnot Qualiment\u00ae a \u00e9t\u00e9 certifi\u00e9 ISO 9001 en septembre 2015, et il a renouvel\u00e9 sa certification ISO 9001 en juin 2018.","breadcrumb":{"@id":"https:\/\/qualiment.fr\/en\/quality-policy\/#breadcrumb"},"inLanguage":"en-US","potentialAction":[{"@type":"ReadAction","target":["https:\/\/qualiment.fr\/en\/quality-policy\/"]}]},{"@type":"BreadcrumbList","@id":"https:\/\/qualiment.fr\/en\/quality-policy\/#breadcrumb","itemListElement":[{"@type":"ListItem","position":1,"name":"Accueil","item":"https:\/\/qualiment.fr\/en\/"},{"@type":"ListItem","position":2,"name":"Quality policy"}]},{"@type":"WebSite","@id":"https:\/\/qualiment.fr\/#website","url":"https:\/\/qualiment.fr\/","name":"Carnot Qualiment","description":"Votre partenaire de recherche pour l\u2019innovation en alimentation","publisher":{"@id":"https:\/\/qualiment.fr\/#organization"},"potentialAction":[{"@type":"SearchAction","target":{"@type":"EntryPoint","urlTemplate":"https:\/\/qualiment.fr\/?s={search_term_string}"},"query-input":"required name=search_term_string"}],"inLanguage":"en-US"},{"@type":"Organization","@id":"https:\/\/qualiment.fr\/#organization","name":"Carnot Qualiment","url":"https:\/\/qualiment.fr\/","logo":{"@type":"ImageObject","inLanguage":"en-US","@id":"https:\/\/qualiment.fr\/#\/schema\/logo\/image\/","url":"https:\/\/qualiment.fr\/wp-content\/uploads\/2020\/05\/LOGO_QUALIMENT-SIGN_CARNOT_QUADRI_2020.jpg","contentUrl":"https:\/\/qualiment.fr\/wp-content\/uploads\/2020\/05\/LOGO_QUALIMENT-SIGN_CARNOT_QUADRI_2020.jpg","width":1578,"height":464,"caption":"Carnot Qualiment"},"image":{"@id":"https:\/\/qualiment.fr\/#\/schema\/logo\/image\/"},"sameAs":["https:\/\/www.linkedin.com\/company\/11257737\/admin\/","https:\/\/www.youtube.com\/channel\/UCH08Hz98kHtFt4EyzB1yF_g"]}]}},"_links":{"self":[{"href":"https:\/\/qualiment.fr\/en\/wp-json\/wp\/v2\/pages\/2730"}],"collection":[{"href":"https:\/\/qualiment.fr\/en\/wp-json\/wp\/v2\/pages"}],"about":[{"href":"https:\/\/qualiment.fr\/en\/wp-json\/wp\/v2\/types\/page"}],"author":[{"embeddable":true,"href":"https:\/\/qualiment.fr\/en\/wp-json\/wp\/v2\/users\/1"}],"replies":[{"embeddable":true,"href":"https:\/\/qualiment.fr\/en\/wp-json\/wp\/v2\/comments?post=2730"}],"version-history":[{"count":2,"href":"https:\/\/qualiment.fr\/en\/wp-json\/wp\/v2\/pages\/2730\/revisions"}],"predecessor-version":[{"id":2739,"href":"https:\/\/qualiment.fr\/en\/wp-json\/wp\/v2\/pages\/2730\/revisions\/2739"}],"wp:attachment":[{"href":"https:\/\/qualiment.fr\/en\/wp-json\/wp\/v2\/media?parent=2730"}],"curies":[{"name":"wp","href":"https:\/\/api.w.org\/{rel}","templated":true}]}}